{"id":42,"date":"2023-07-18T16:37:53","date_gmt":"2023-07-18T14:37:53","guid":{"rendered":"https:\/\/cocongreta.fr\/?page_id=42"},"modified":"2025-02-05T15:17:58","modified_gmt":"2025-02-05T14:17:58","slug":"accueil","status":"publish","type":"page","link":"https:\/\/www.cocongreta.fr\/","title":{"rendered":"Accueil"},"content":{"rendered":"<p>[et_pb_section fb_built=&#8221;1&#8243; disabled_on=&#8221;off|off|off&#8221; _builder_version=&#8221;4.21.0&#8243; _module_preset=&#8221;default&#8221; background_enable_color=&#8221;off&#8221; background_image=&#8221;http:\/\/cocongreta.fr\/wp-content\/uploads\/2023\/07\/Logo-Coco-N-Greta.webp&#8221; background_size=&#8221;custom&#8221; background_image_width=&#8221;20%&#8221; background_position=&#8221;center_left&#8221; custom_margin=&#8221;0px||0px||false|false&#8221; custom_padding=&#8221;0px||0px||false|false&#8221; global_colors_info=&#8221;{}&#8221;][et_pb_row _builder_version=&#8221;4.21.0&#8243; _module_preset=&#8221;default&#8221; background_enable_image=&#8221;off&#8221; background_size=&#8221;custom&#8221; background_image_width=&#8221;14%&#8221; background_position=&#8221;bottom_left&#8221; max_width=&#8221;1920px&#8221; height=&#8221;300px&#8221; max_height=&#8221;500px&#8221; custom_margin=&#8221;0px||0px||false|false&#8221; custom_padding=&#8221;||0px||false|false&#8221; global_colors_info=&#8221;{}&#8221;][et_pb_column type=&#8221;4_4&#8243; _builder_version=&#8221;4.21.0&#8243; _module_preset=&#8221;default&#8221; global_colors_info=&#8221;{}&#8221;][et_pb_text _builder_version=&#8221;4.21.0&#8243; _module_preset=&#8221;default&#8221; header_font_size=&#8221;50px&#8221; custom_margin=&#8221;||20px||false|false&#8221; custom_padding=&#8221;70px||||false|false&#8221; header_text_shadow_style=&#8221;preset2&#8243; global_colors_info=&#8221;{}&#8221;]<\/p>\n<h1 style=\"text-align: center;\">COCO&#8217;N GRETA<\/h1>\n<p>[\/et_pb_text][et_pb_text _builder_version=&#8221;4.21.0&#8243; _module_preset=&#8221;default&#8221; header_2_font=&#8221;Bubbler One||||||||&#8221; global_colors_info=&#8221;{}&#8221;]<\/p>\n<h2 style=\"text-align: center;\">Brocante et friperie vintage<\/h2>\n<p>[\/et_pb_text][\/et_pb_column][\/et_pb_row][\/et_pb_section][et_pb_section fb_built=&#8221;1&#8243; custom_padding_last_edited=&#8221;on|phone&#8221; admin_label=&#8221;About Us&#8221; _builder_version=&#8221;4.21.0&#8243; use_background_color_gradient=&#8221;on&#8221; background_color_gradient_stops=&#8221;#ffffff 0%|rgba(236,213,197,0.5) 100%&#8221; custom_padding=&#8221;60px|0px|80px|0px|false|false&#8221; custom_padding_tablet=&#8221;100px|0px|100px|0px|true|false&#8221; custom_padding_phone=&#8221;30px||30px||true|false&#8221; box_shadow_style=&#8221;preset3&#8243; global_colors_info=&#8221;{}&#8221;][et_pb_row column_structure=&#8221;3_5,2_5&#8243; _builder_version=&#8221;4.16&#8243; global_colors_info=&#8221;{}&#8221;][et_pb_column type=&#8221;3_5&#8243; _builder_version=&#8221;4.16&#8243; custom_padding=&#8221;|||&#8221; global_colors_info=&#8221;{}&#8221; custom_padding__hover=&#8221;|||&#8221;][et_pb_text _builder_version=&#8221;4.24.0&#8243; text_font=&#8221;Bubbler One||||||||&#8221; text_font_size=&#8221;20px&#8221; text_line_height=&#8221;1.8em&#8221; link_font=&#8221;||||||||&#8221; ul_font=&#8221;||||||||&#8221; header_font=&#8221;||||||||&#8221; header_2_font=&#8221;Bubbler One|700|||||||&#8221; header_2_text_color=&#8221;#5B8079&#8243; header_2_font_size=&#8221;35px&#8221; header_3_font=&#8221;||||||||&#8221; header_3_font_size=&#8221;45px&#8221; header_3_line_height=&#8221;1.5em&#8221; max_width_tablet=&#8221;100%&#8221; max_width_phone=&#8221;100%&#8221; max_width_last_edited=&#8221;off|desktop&#8221; module_alignment=&#8221;right&#8221; custom_padding=&#8221;|||&#8221; custom_padding_tablet=&#8221;|||0px&#8221; custom_padding_phone=&#8221;&#8221; custom_padding_last_edited=&#8221;on|tablet&#8221; header_2_font_size_tablet=&#8221;30px&#8221; header_2_font_size_phone=&#8221;25px&#8221; header_2_font_size_last_edited=&#8221;on|phone&#8221; global_colors_info=&#8221;{}&#8221;]<\/p>\n<h2>A propos<\/h2>\n<p>&nbsp;<\/p>\n<p><span>Moi c&#8217;est Axelle,<\/span><\/p>\n<p><span style=\"font-size: 20px;\">Chez<\/span><span style=\"font-size: 20px;\"> nous<\/span><span style=\"font-size: 20px;\"> la brocante est une histoire de famille. Depuis toute petite, j&#8217;accompagne mes parents \u00e0 la recherche de tr\u00e9sors lors de nos nombreuses sessions de chine.\u00a0<\/span><\/p>\n<p>Cette passion ne m&#8217;a jamais quitt\u00e9e.<\/p>\n<p><span><\/span>C&#8217;est pour cela que j&#8217;ai d\u00e9cid\u00e9 de cr\u00e9er Coco&#8217;N Greta , une brocante friperie o\u00f9 vous pourrez \u00e0\u00a0 votre tour d\u00e9nicher la perle rare. <span>Ici vous trouverez v\u00eatements, objets, vaisselles et accessoires du d\u00e9but du si\u00e8cle aux ann\u00e9es 70.<\/span><\/p>\n<p><span>Vous pouvez me retrouver lors de divers \u00e9v\u00e9nements\u00a0 en Bretagne et sur mes r\u00e9seaux.\u00a0<\/span><\/p>\n<p><span>N&#8217;h\u00e9sitez pas \u00e0 me contacter pour toutes recherches particuli\u00e8res\u00a0ou pour des informations.<\/span><\/p>\n<p><span>Bon shopping !<\/span><\/p>\n<p>[\/et_pb_text][\/et_pb_column][et_pb_column type=&#8221;2_5&#8243; _builder_version=&#8221;4.16&#8243; custom_padding=&#8221;|||&#8221; global_colors_info=&#8221;{}&#8221; custom_padding__hover=&#8221;|||&#8221;][et_pb_image src=&#8221;https:\/\/www.cocongreta.fr\/wp-content\/uploads\/2024\/02\/image-accueil-scaled.webp&#8221; alt=&#8221;Axelle Blain&#8221; title_text=&#8221;Axelle Blain&#8221; _builder_version=&#8221;4.21.0&#8243; _module_preset=&#8221;default&#8221; global_colors_info=&#8221;{}&#8221;][\/et_pb_image][\/et_pb_column][\/et_pb_row][\/et_pb_section][et_pb_section fb_built=&#8221;1&#8243; custom_padding_last_edited=&#8221;on|phone&#8221; admin_label=&#8221;About Us&#8221; _builder_version=&#8221;4.25.1&#8243; custom_padding=&#8221;60px|0px|30px|0px|false|false&#8221; custom_padding_tablet=&#8221;100px|0px|50px|0px|false|false&#8221; custom_padding_phone=&#8221;50px||0px||false|false&#8221; box_shadow_style=&#8221;preset3&#8243; global_colors_info=&#8221;{}&#8221;][et_pb_row _builder_version=&#8221;4.16&#8243; global_colors_info=&#8221;{}&#8221;][et_pb_column type=&#8221;4_4&#8243; _builder_version=&#8221;4.16&#8243; custom_padding=&#8221;|||&#8221; global_colors_info=&#8221;{}&#8221; custom_padding__hover=&#8221;|||&#8221;][et_pb_text _builder_version=&#8221;4.25.1&#8243; text_font=&#8221;Bubbler One||||||||&#8221; text_font_size=&#8221;20px&#8221; text_line_height=&#8221;1.8em&#8221; link_font=&#8221;||||||||&#8221; ul_font=&#8221;||||||||&#8221; header_font=&#8221;||||||||&#8221; header_2_font=&#8221;Bubbler One|700|||||||&#8221; header_2_text_color=&#8221;#5B8079&#8243; header_2_font_size=&#8221;35px&#8221; header_3_font=&#8221;||||||||&#8221; header_3_font_size=&#8221;45px&#8221; header_3_line_height=&#8221;1.5em&#8221; text_orientation=&#8221;center&#8221; max_width_tablet=&#8221;100%&#8221; max_width_phone=&#8221;100%&#8221; max_width_last_edited=&#8221;off|desktop&#8221; module_alignment=&#8221;right&#8221; custom_padding=&#8221;|||&#8221; custom_padding_tablet=&#8221;|||0px&#8221; custom_padding_phone=&#8221;&#8221; custom_padding_last_edited=&#8221;on|tablet&#8221; header_2_font_size_tablet=&#8221;30px&#8221; header_2_font_size_phone=&#8221;25px&#8221; header_2_font_size_last_edited=&#8221;on|phone&#8221; global_colors_info=&#8221;{}&#8221;]<\/p>\n<h2>Les nouveaut\u00e9s<\/h2>\n<p>[\/et_pb_text][et_pb_shop type=&#8221;latest&#8221; posts_number=&#8221;6&#8243; _builder_version=&#8221;4.25.1&#8243; _module_preset=&#8221;default&#8221; custom_padding=&#8221;50px||||false|false&#8221; global_colors_info=&#8221;{}&#8221;][\/et_pb_shop][\/et_pb_column][\/et_pb_row][\/et_pb_section][et_pb_section fb_built=&#8221;1&#8243; custom_padding_last_edited=&#8221;on|phone&#8221; admin_label=&#8221;About Us&#8221; _builder_version=&#8221;4.21.0&#8243; background_color=&#8221;#ECD5C5&#8243; custom_padding=&#8221;80px|0px|80px|0px|true|false&#8221; custom_padding_tablet=&#8221;100px|0px|100px|0px|true|false&#8221; custom_padding_phone=&#8221;30px||30px||true|false&#8221; box_shadow_style=&#8221;preset2&#8243; global_colors_info=&#8221;{}&#8221;][et_pb_row _builder_version=&#8221;4.16&#8243; global_colors_info=&#8221;{}&#8221;][et_pb_column type=&#8221;4_4&#8243; _builder_version=&#8221;4.16&#8243; custom_padding=&#8221;|||&#8221; global_colors_info=&#8221;{}&#8221; custom_padding__hover=&#8221;|||&#8221;][et_pb_text _builder_version=&#8221;4.21.0&#8243; text_font=&#8221;Cormorant Garamond||||||||&#8221; text_font_size=&#8221;20px&#8221; text_line_height=&#8221;1.8em&#8221; link_font=&#8221;||||||||&#8221; ul_font=&#8221;||||||||&#8221; header_font=&#8221;||||||||&#8221; header_2_font=&#8221;Bubbler One|700|||||||&#8221; header_2_text_color=&#8221;#FFFFFF&#8221; header_2_font_size=&#8221;35px&#8221; header_3_font=&#8221;||||||||&#8221; header_3_font_size=&#8221;45px&#8221; header_3_line_height=&#8221;1.5em&#8221; header_4_font=&#8221;||||||||&#8221; header_5_font=&#8221;Poppins|700||on|||||&#8221; header_5_text_color=&#8221;#ecd5c5&#8243; header_5_letter_spacing=&#8221;15px&#8221; header_5_line_height=&#8221;1.8em&#8221; text_orientation=&#8221;center&#8221; max_width_tablet=&#8221;100%&#8221; max_width_phone=&#8221;100%&#8221; max_width_last_edited=&#8221;off|desktop&#8221; module_alignment=&#8221;right&#8221; header_2_font_size_tablet=&#8221;30px&#8221; header_2_font_size_phone=&#8221;25px&#8221; header_2_font_size_last_edited=&#8221;on|phone&#8221; global_colors_info=&#8221;{}&#8221;]<\/p>\n<h2>D\u00e9couvrez nos produits<\/h2>\n<p>[\/et_pb_text][\/et_pb_column][\/et_pb_row][et_pb_row column_structure=&#8221;1_2,1_2&#8243; custom_padding_last_edited=&#8221;on|phone&#8221; _builder_version=&#8221;4.21.0&#8243; custom_margin_tablet=&#8221;&#8221; custom_margin_phone=&#8221;0px||||false|false&#8221; custom_margin_last_edited=&#8221;on|phone&#8221; custom_padding=&#8221;60px|0px||0px|false|false&#8221; custom_padding_tablet=&#8221;40px||40px||true|false&#8221; custom_padding_phone=&#8221;20px||20px||true|false&#8221; global_colors_info=&#8221;{}&#8221;][et_pb_column type=&#8221;1_2&#8243; _builder_version=&#8221;4.16&#8243; custom_padding=&#8221;|||&#8221; global_colors_info=&#8221;{}&#8221; custom_padding__hover=&#8221;|||&#8221;][et_pb_blurb title=&#8221;MODE&#8221; image=&#8221;http:\/\/cocongreta.fr\/wp-content\/uploads\/2023\/10\/pro-JVX9onDg.jpeg&#8221; image_icon_width=&#8221;50%&#8221; _builder_version=&#8221;4.21.0&#8243; header_font=&#8221;Bubbler One|700|||||||&#8221; header_font_size=&#8221;30px&#8221; header_line_height=&#8221;1.5em&#8221; body_font=&#8221;Cormorant Garamond||||||||&#8221; body_font_size=&#8221;20px&#8221; body_line_height=&#8221;1.8em&#8221; text_orientation=&#8221;center&#8221; animation_style=&#8221;fade&#8221; animation=&#8221;off&#8221; link_option_url=&#8221;https:\/\/www.cocongreta.fr\/index.php\/categorie-produit\/mode\/&#8221; border_width_all_image=&#8221;10px&#8221; border_color_all_image=&#8221;#FFFFFF&#8221; global_colors_info=&#8221;{}&#8221;]<\/p>\n<p>Retrouvez ici, v\u00eatements et accessoires de mode vintage uniques<\/p>\n<p>[\/et_pb_blurb][\/et_pb_column][et_pb_column type=&#8221;1_2&#8243; _builder_version=&#8221;4.16&#8243; custom_padding=&#8221;|||&#8221; global_colors_info=&#8221;{}&#8221; custom_padding__hover=&#8221;|||&#8221;][et_pb_blurb title=&#8221;BROCANTE&#8221; image=&#8221;http:\/\/cocongreta.fr\/wp-content\/uploads\/2023\/10\/pro-IScB4uT0-1.jpeg&#8221; image_icon_width=&#8221;53%&#8221; _builder_version=&#8221;4.21.0&#8243; header_font=&#8221;Bubbler One|700|||||||&#8221; header_font_size=&#8221;30px&#8221; header_line_height=&#8221;1.5em&#8221; body_font=&#8221;Cormorant Garamond||||||||&#8221; body_font_size=&#8221;20px&#8221; body_line_height=&#8221;1.8em&#8221; text_orientation=&#8221;center&#8221; animation_style=&#8221;fade&#8221; animation_delay=&#8221;200ms&#8221; animation=&#8221;off&#8221; link_option_url=&#8221;https:\/\/www.cocongreta.fr\/index.php\/categorie-produit\/brocante\/&#8221; border_width_all_image=&#8221;10px&#8221; border_color_all_image=&#8221;#ffffff&#8221; locked=&#8221;off&#8221; global_colors_info=&#8221;{}&#8221;]<\/p>\n<p>D\u00e9couvrez nos articles r\u00e9tro : Arts de la table, d\u00e9corations et autres tr\u00e9sors&#8230;<\/p>\n<p>[\/et_pb_blurb][\/et_pb_column][\/et_pb_row][\/et_pb_section][et_pb_section fb_built=&#8221;1&#8243; custom_padding_last_edited=&#8221;on|phone&#8221; admin_label=&#8221;Subscribe&#8221; _builder_version=&#8221;4.21.0&#8243; background_enable_color=&#8221;off&#8221; background_enable_image=&#8221;off&#8221; custom_padding=&#8221;80px|0px|80px|0px|true|false&#8221; custom_padding_tablet=&#8221;100px|0px|100px|0px|true|false&#8221; custom_padding_phone=&#8221;30px||30px||true|false&#8221; saved_tabs=&#8221;all&#8221; global_colors_info=&#8221;{}&#8221;][et_pb_row column_structure=&#8221;2_3,1_3&#8243; _builder_version=&#8221;4.16&#8243; global_colors_info=&#8221;{}&#8221;][et_pb_column type=&#8221;2_3&#8243; _builder_version=&#8221;4.16&#8243; custom_padding=&#8221;|||&#8221; global_colors_info=&#8221;{}&#8221; custom_padding__hover=&#8221;|||&#8221;][et_pb_text _builder_version=&#8221;4.21.0&#8243; text_font=&#8221;Bubbler One||||||||&#8221; text_font_size=&#8221;20px&#8221; text_line_height=&#8221;1.8em&#8221; link_font=&#8221;||||||||&#8221; ul_font=&#8221;||||||||&#8221; header_font=&#8221;||||||||&#8221; header_2_font=&#8221;Bubbler One|700|||||||&#8221; header_2_text_color=&#8221;#FDC966&#8243; header_2_font_size=&#8221;35px&#8221; header_3_font=&#8221;||||||||&#8221; header_3_font_size=&#8221;45px&#8221; header_3_line_height=&#8221;1.5em&#8221; max_width_tablet=&#8221;100%&#8221; max_width_phone=&#8221;100%&#8221; max_width_last_edited=&#8221;off|desktop&#8221; module_alignment=&#8221;right&#8221; custom_padding=&#8221;|||&#8221; custom_padding_tablet=&#8221;|||0px&#8221; custom_padding_phone=&#8221;&#8221; custom_padding_last_edited=&#8221;on|tablet&#8221; header_2_font_size_tablet=&#8221;30px&#8221; header_2_font_size_phone=&#8221;25px&#8221; header_2_font_size_last_edited=&#8221;on|phone&#8221; global_colors_info=&#8221;{}&#8221;]<\/p>\n<h2>\u00a0Les d\u00e9ballages<\/h2>\n<p>&nbsp;<\/p>\n<p>Retrouvez mon stand de friperie lors des diff\u00e9rents d\u00e9ballages en Bretagne. Consultez les dates et lieux sur mon agenda sur Instagram.<\/p>\n<p>[\/et_pb_text][et_pb_button button_url=&#8221;https:\/\/www.instagram.com\/cocongreta\/?hl=fr&#8221; url_new_window=&#8221;on&#8221; button_text=&#8221;Dates et lieux&#8221; _builder_version=&#8221;4.21.0&#8243; _module_preset=&#8221;default&#8221; global_colors_info=&#8221;{}&#8221;][\/et_pb_button][\/et_pb_column][et_pb_column type=&#8221;1_3&#8243; _builder_version=&#8221;4.16&#8243; custom_padding=&#8221;|||&#8221; global_colors_info=&#8221;{}&#8221; custom_padding__hover=&#8221;|||&#8221;][et_pb_image src=&#8221;https:\/\/www.cocongreta.fr\/wp-content\/uploads\/2024\/03\/Screenshot_20240214_080419_com.facebook.katana_edit_7588717820195.jpg&#8221; alt=&#8221;Stand d\u00e9ballage&#8221; title_text=&#8221;Stand d\u00e9ballage&#8221; _builder_version=&#8221;4.24.0&#8243; _module_preset=&#8221;default&#8221; global_colors_info=&#8221;{}&#8221;][\/et_pb_image][\/et_pb_column][\/et_pb_row][\/et_pb_section]<\/p>\n","protected":false},"excerpt":{"rendered":"<p>COCO&#8217;N GRETABrocante et friperie vintageA propos &nbsp; Moi c&#8217;est Axelle, Chez nous la brocante est une histoire de famille. Depuis toute petite, j&#8217;accompagne mes parents \u00e0 la recherche de tr\u00e9sors lors de nos nombreuses sessions de chine.\u00a0 Cette passion ne m&#8217;a jamais quitt\u00e9e. C&#8217;est pour cela que j&#8217;ai d\u00e9cid\u00e9 de cr\u00e9er Coco&#8217;N Greta , une [&hellip;]<\/p>\n","protected":false},"author":1,"featured_media":0,"parent":0,"menu_order":0,"comment_status":"closed","ping_status":"closed","template":"","meta":{"_seopress_robots_primary_cat":"","_seopress_titles_title":"Brocante et friperie vintage en ligne","_seopress_titles_desc":"Venez d\u00e9couvrir une s\u00e9lection de tr\u00e9sors vintage, allant des v\u00eatements et accessoires de mode aux objets de d\u00e9coration uniques et arts de la table.","_seopress_robots_index":"","_et_pb_use_builder":"on","_et_pb_old_content":"","_et_gb_content_width":"","footnotes":""},"class_list":["post-42","page","type-page","status-publish","hentry"],"_links":{"self":[{"href":"https:\/\/www.cocongreta.fr\/index.php\/wp-json\/wp\/v2\/pages\/42","targetHints":{"allow":["GET"]}}],"collection":[{"href":"https:\/\/www.cocongreta.fr\/index.php\/wp-json\/wp\/v2\/pages"}],"about":[{"href":"https:\/\/www.cocongreta.fr\/index.php\/wp-json\/wp\/v2\/types\/page"}],"author":[{"embeddable":true,"href":"https:\/\/www.cocongreta.fr\/index.php\/wp-json\/wp\/v2\/users\/1"}],"replies":[{"embeddable":true,"href":"https:\/\/www.cocongreta.fr\/index.php\/wp-json\/wp\/v2\/comments?post=42"}],"version-history":[{"count":107,"href":"https:\/\/www.cocongreta.fr\/index.php\/wp-json\/wp\/v2\/pages\/42\/revisions"}],"predecessor-version":[{"id":4139,"href":"https:\/\/www.cocongreta.fr\/index.php\/wp-json\/wp\/v2\/pages\/42\/revisions\/4139"}],"wp:attachment":[{"href":"https:\/\/www.cocongreta.fr\/index.php\/wp-json\/wp\/v2\/media?parent=42"}],"curies":[{"name":"wp","href":"https:\/\/api.w.org\/{rel}","templated":true}]}}